{"id":4709,"date":"2019-02-18T20:11:41","date_gmt":"2019-02-18T18:11:41","guid":{"rendered":"http:\/\/www.ordinationseinrichtungen.at\/cs2\/newsletter\/"},"modified":"2019-02-18T20:28:32","modified_gmt":"2019-02-18T18:28:32","slug":"newsletter","status":"publish","type":"page","link":"http:\/\/www.ordinationseinrichtungen.at\/cs2\/newsletter\/","title":{"rendered":"Newsletter"},"content":{"rendered":"[vc_row][vc_column][vc_column_text]\n<h1>Newsletter CS Ordinationseinrichtungen<\/h1>\n<div class=\"tnp tnp-subscription\">\n<form method=\"post\" action=\"http:\/\/www.ordinationseinrichtungen.at\/cs2\/?na=s\">\n\n<input type=\"hidden\" name=\"nr\" value=\"page\"><input type=\"hidden\" name=\"nlang\" value=\"\"><div class=\"tnp-field tnp-field-firstname\"><label for=\"tnp-1\">Vorname | Nachname<\/label>\n<input class=\"tnp-name\" type=\"text\" name=\"nn\" id=\"tnp-1\" value=\"\" required><\/div>\n<div class=\"tnp-field tnp-field-email\"><label for=\"tnp-2\">Email<\/label>\n<input class=\"tnp-email\" type=\"email\" name=\"ne\" id=\"tnp-2\" value=\"\" required><\/div>\n<div class=\"tnp-field tnp-privacy-field\"><label><input type=\"checkbox\" name=\"ny\" required class=\"tnp-privacy\">&nbsp;<a target=\"_blank\" href=\"http:\/\/www.ordinationseinrichtungen.at\/cs2\/impressum-2\/\">Sie haben die M\u00f6glichkeit, \u00fcber unsere Website einen Newsletter zu abonnieren. Hierf\u00fcr ben\u00f6tigen wir Ihren Namen, ihre E-Mail-Adresse und ihre Zustimmung, dass Sie mit dem Bezug des Newsletters einverstanden sind. Weitere Informationen k\u00f6nnen sie unserer Datenschutzerkl\u00e4rung entnehmen.<\/a><\/label><\/div><div class=\"tnp-field tnp-field-button\"><input class=\"tnp-submit\" type=\"submit\" value=\"Newsletteranmeldung\" >\n<\/div>\n<\/form>\n<\/div>[\/vc_column_text][\/vc_column][\/vc_row]\n","protected":false},"excerpt":{"rendered":"<p>[vc_row][vc_column][vc_column_text] Newsletter CS Ordinationseinrichtungen [\/vc_column_text][\/vc_column][\/vc_row]<\/p>\n","protected":false},"author":1,"featured_media":0,"parent":0,"menu_order":0,"comment_status":"closed","ping_status":"closed","template":"","meta":{"_links_to":"","_links_to_target":""},"yoast_head":"<!-- This site is optimized with the Yoast SEO plugin v19.6 - https:\/\/yoast.com\/wordpress\/plugins\/seo\/ -->\n<title>Newsletter - Christian Schneider - CS Ordinationseinrichtungen<\/title>\n<meta name=\"robots\" content=\"index, follow, max-snippet:-1, max-image-preview:large, max-video-preview:-1\" \/>\n<link rel=\"canonical\" href=\"http:\/\/www.ordinationseinrichtungen.at\/cs2\/newsletter\/\" \/>\n<meta property=\"og:locale\" content=\"de_DE\" \/>\n<meta property=\"og:type\" content=\"article\" \/>\n<meta property=\"og:title\" content=\"Newsletter - Christian Schneider - CS Ordinationseinrichtungen\" \/>\n<meta property=\"og:description\" content=\"[vc_row][vc_column][vc_column_text] Newsletter CS Ordinationseinrichtungen [\/vc_column_text][\/vc_column][\/vc_row]\" \/>\n<meta property=\"og:url\" content=\"http:\/\/www.ordinationseinrichtungen.at\/cs2\/newsletter\/\" \/>\n<meta property=\"og:site_name\" content=\"Christian Schneider - CS Ordinationseinrichtungen\" \/>\n<meta property=\"article:modified_time\" content=\"2019-02-18T18:28:32+00:00\" \/>\n<meta name=\"twitter:card\" content=\"summary_large_image\" \/>\n<script type=\"application\/ld+json\" class=\"yoast-schema-graph\">{\"@context\":\"https:\/\/schema.org\",\"@graph\":[{\"@type\":\"WebPage\",\"@id\":\"http:\/\/www.ordinationseinrichtungen.at\/cs2\/newsletter\/\",\"url\":\"http:\/\/www.ordinationseinrichtungen.at\/cs2\/newsletter\/\",\"name\":\"Newsletter - Christian Schneider - CS Ordinationseinrichtungen\",\"isPartOf\":{\"@id\":\"http:\/\/www.ordinationseinrichtungen.at\/cs2\/#website\"},\"datePublished\":\"2019-02-18T18:11:41+00:00\",\"dateModified\":\"2019-02-18T18:28:32+00:00\",\"breadcrumb\":{\"@id\":\"http:\/\/www.ordinationseinrichtungen.at\/cs2\/newsletter\/#breadcrumb\"},\"inLanguage\":\"de-DE\",\"potentialAction\":[{\"@type\":\"ReadAction\",\"target\":[\"http:\/\/www.ordinationseinrichtungen.at\/cs2\/newsletter\/\"]}]},{\"@type\":\"BreadcrumbList\",\"@id\":\"http:\/\/www.ordinationseinrichtungen.at\/cs2\/newsletter\/#breadcrumb\",\"itemListElement\":[{\"@type\":\"ListItem\",\"position\":1,\"name\":\"Home\",\"item\":\"http:\/\/www.ordinationseinrichtungen.at\/cs2\/\"},{\"@type\":\"ListItem\",\"position\":2,\"name\":\"Newsletter\"}]},{\"@type\":\"WebSite\",\"@id\":\"http:\/\/www.ordinationseinrichtungen.at\/cs2\/#website\",\"url\":\"http:\/\/www.ordinationseinrichtungen.at\/cs2\/\",\"name\":\"Christian Schneider - CS Ordinationseinrichtungen\",\"description\":\"\",\"potentialAction\":[{\"@type\":\"SearchAction\",\"target\":{\"@type\":\"EntryPoint\",\"urlTemplate\":\"http:\/\/www.ordinationseinrichtungen.at\/cs2\/?s={search_term_string}\"},\"query-input\":\"required name=search_term_string\"}],\"inLanguage\":\"de-DE\"}]}<\/script>\n<!-- \/ Yoast SEO plugin. -->","yoast_head_json":{"title":"Newsletter - Christian Schneider - CS Ordinationseinrichtungen","robots":{"index":"index","follow":"follow","max-snippet":"max-snippet:-1","max-image-preview":"max-image-preview:large","max-video-preview":"max-video-preview:-1"},"canonical":"http:\/\/www.ordinationseinrichtungen.at\/cs2\/newsletter\/","og_locale":"de_DE","og_type":"article","og_title":"Newsletter - Christian Schneider - CS Ordinationseinrichtungen","og_description":"[vc_row][vc_column][vc_column_text] Newsletter CS Ordinationseinrichtungen [\/vc_column_text][\/vc_column][\/vc_row]","og_url":"http:\/\/www.ordinationseinrichtungen.at\/cs2\/newsletter\/","og_site_name":"Christian Schneider - CS Ordinationseinrichtungen","article_modified_time":"2019-02-18T18:28:32+00:00","twitter_card":"summary_large_image","schema":{"@context":"https:\/\/schema.org","@graph":[{"@type":"WebPage","@id":"http:\/\/www.ordinationseinrichtungen.at\/cs2\/newsletter\/","url":"http:\/\/www.ordinationseinrichtungen.at\/cs2\/newsletter\/","name":"Newsletter - Christian Schneider - CS Ordinationseinrichtungen","isPartOf":{"@id":"http:\/\/www.ordinationseinrichtungen.at\/cs2\/#website"},"datePublished":"2019-02-18T18:11:41+00:00","dateModified":"2019-02-18T18:28:32+00:00","breadcrumb":{"@id":"http:\/\/www.ordinationseinrichtungen.at\/cs2\/newsletter\/#breadcrumb"},"inLanguage":"de-DE","potentialAction":[{"@type":"ReadAction","target":["http:\/\/www.ordinationseinrichtungen.at\/cs2\/newsletter\/"]}]},{"@type":"BreadcrumbList","@id":"http:\/\/www.ordinationseinrichtungen.at\/cs2\/newsletter\/#breadcrumb","itemListElement":[{"@type":"ListItem","position":1,"name":"Home","item":"http:\/\/www.ordinationseinrichtungen.at\/cs2\/"},{"@type":"ListItem","position":2,"name":"Newsletter"}]},{"@type":"WebSite","@id":"http:\/\/www.ordinationseinrichtungen.at\/cs2\/#website","url":"http:\/\/www.ordinationseinrichtungen.at\/cs2\/","name":"Christian Schneider - CS Ordinationseinrichtungen","description":"","potentialAction":[{"@type":"SearchAction","target":{"@type":"EntryPoint","urlTemplate":"http:\/\/www.ordinationseinrichtungen.at\/cs2\/?s={search_term_string}"},"query-input":"required name=search_term_string"}],"inLanguage":"de-DE"}]}},"_links":{"self":[{"href":"http:\/\/www.ordinationseinrichtungen.at\/cs2\/wp-json\/wp\/v2\/pages\/4709"}],"collection":[{"href":"http:\/\/www.ordinationseinrichtungen.at\/cs2\/wp-json\/wp\/v2\/pages"}],"about":[{"href":"http:\/\/www.ordinationseinrichtungen.at\/cs2\/wp-json\/wp\/v2\/types\/page"}],"author":[{"embeddable":true,"href":"http:\/\/www.ordinationseinrichtungen.at\/cs2\/wp-json\/wp\/v2\/users\/1"}],"replies":[{"embeddable":true,"href":"http:\/\/www.ordinationseinrichtungen.at\/cs2\/wp-json\/wp\/v2\/comments?post=4709"}],"version-history":[{"count":1,"href":"http:\/\/www.ordinationseinrichtungen.at\/cs2\/wp-json\/wp\/v2\/pages\/4709\/revisions"}],"predecessor-version":[{"id":4710,"href":"http:\/\/www.ordinationseinrichtungen.at\/cs2\/wp-json\/wp\/v2\/pages\/4709\/revisions\/4710"}],"wp:attachment":[{"href":"http:\/\/www.ordinationseinrichtungen.at\/cs2\/wp-json\/wp\/v2\/media?parent=4709"}],"curies":[{"name":"wp","href":"https:\/\/api.w.org\/{rel}","templated":true}]}}