{"id":4310,"date":"2015-02-19T20:28:44","date_gmt":"2015-02-19T18:28:44","guid":{"rendered":"http:\/\/www.ordinationseinrichtungen.at\/cs2\/?page_id=4310"},"modified":"2016-01-26T13:40:08","modified_gmt":"2016-01-26T11:40:08","slug":"reparaturen","status":"publish","type":"page","link":"http:\/\/www.ordinationseinrichtungen.at\/cs2\/reparaturen\/","title":{"rendered":"Reparaturen und Erg\u00e4nzungen"},"content":{"rendered":"[vc_row][vc_column width=&#8220;1\/2&#8243;]<div class=\"shortcode-wrapper shortcode-title clearfix\"><p class=\"hb-text-large \">Reparaturen und Erg\u00e4nzungen<\/p><\/div><div class=\"shortcode-wrapper shortcode-spacer clearfix\"><div class=\"spacer\" style=\"height:20px;\"><\/div><\/div>[vc_column_text]\n<div class=\"wpb_text_column wpb_content_element \">\n<div class=\"wpb_wrapper\">\n<div class=\"wpb_text_column wpb_content_element \">\n<div class=\"wpb_wrapper\">\n<p>Die Zeit hinterl\u00e4sst Spuren und so kommt es oft vor, dass <span style=\"color: #dddc00;\">Ordinationsm\u00f6bel- und Einrichtungen<\/span>\u00a0 besch\u00e4digt oder abgen\u00fctzt sind.<\/p>\n<p><strong>CS ORDINATIONSEINRICHTUNGEN<\/strong> <span style=\"color: #dddc00;\">Reparatur, Service<\/span> und <span style=\"color: #dddc00;\">Erg\u00e4nzung<\/span> s\u00e4mtlicher Ordinationsm\u00f6bel.<\/p>\n<p>Durch die immer strenger werdenden\u00a0 HYGIENEBESTIMMUNGEN ist es oft erforderlich Ihre <span style=\"color: #dddc00;\">Praxis<\/span> den Erfordernissen zu adaptieren und\u00a0 anzupassen.<\/p>\n<p>AUCH KLEINSTREPARATUREN WERDEN VON UNS PROMT AUSGEF\u00dcHRT!<\/p>\n<p><a href=\"http:\/\/www.ordinationseinrichtungen.at\/cs2\/kontakt\/\">&gt;&gt; zum Kontaktformular<\/a><\/p>\n<\/div>\n<\/div>\n<\/div>\n<\/div>\n[\/vc_column_text][\/vc_column][vc_column width=&#8220;1\/2&#8243;][vc_single_image image=&#8220;4312&#8243; img_size=&#8220;full&#8220; alignment=&#8220;center&#8220; style=&#8220;vc_box_shadow&#8220;][vc_single_image image=&#8220;4313&#8243; img_size=&#8220;full&#8220; alignment=&#8220;center&#8220; style=&#8220;vc_box_shadow&#8220;][vc_single_image image=&#8220;4314&#8243; img_size=&#8220;full&#8220; alignment=&#8220;center&#8220; style=&#8220;vc_box_shadow&#8220;]<div class=\"shortcode-wrapper shortcode-spacer clearfix\"><div class=\"spacer\" style=\"height:20px;\"><\/div><\/div>[\/vc_column][\/vc_row][vc_row][vc_column]<div class=\"fw-section hb-fw-69f82442ef66c without-border light-style\" style=\"margin-top:0px;margin-bottom:0px;padding-top:100px;padding-bottom:100px;\"><div class=\"row fw-content-wrap\"><div class=\"col-12 nbm\">\n<h1 style=\"text-align: center;\"><span style=\"color: #808080;\">&#8222;Der Langsamste, der sein Ziel nicht aus den Augen verliert, geht noch immer geschwinder, als jener, der ohne Ziel umherirrt.&#8220;<\/span><\/h1>\n<\/div><\/div><div class=\"video-overlay\"><\/div><\/div>[\/vc_column][\/vc_row][vc_row][vc_column][vc_text_separator title=&#8220;&#8220;][vc_column_text]\n<p style=\"text-align: center;\">Christian Schneider &#8211; CS Ordinationseinrichtungen\u00a0| Dr. Karl Rennerstr. 7<br \/>\n2203 Gro\u00dfebersdorf |\u00a0Festnetz: +43 (0)1 532 19 23 | Mobil: +43 (0) 676 954 1962 | EMail: <a href=\"mailto:cs@ordinationseinrichtungen.at\">cs@ordinationseinrichtungen.at<\/a><\/p>\n[\/vc_column_text][\/vc_column][\/vc_row]\n","protected":false},"excerpt":{"rendered":"<p>[vc_row][vc_column width=&#8220;1\/2&#8243;][vc_column_text] Die Zeit hinterl\u00e4sst Spuren und so kommt es oft vor, dass Ordinationsm\u00f6bel- und Einrichtungen\u00a0 besch\u00e4digt oder abgen\u00fctzt sind. CS ORDINATIONSEINRICHTUNGEN Reparatur, Service und Erg\u00e4nzung s\u00e4mtlicher Ordinationsm\u00f6bel. Durch die immer strenger werdenden\u00a0 HYGIENEBESTIMMUNGEN ist es oft erforderlich Ihre Praxis den Erfordernissen zu adaptieren und\u00a0 anzupassen. AUCH KLEINSTREPARATUREN WERDEN VON UNS PROMT AUSGEF\u00dcHRT! &gt;&gt; zum [&hellip;]<\/p>\n","protected":false},"author":1,"featured_media":0,"parent":0,"menu_order":0,"comment_status":"closed","ping_status":"closed","template":"","meta":{"_links_to":"","_links_to_target":""},"yoast_head":"<!-- This site is optimized with the Yoast SEO plugin v19.6 - https:\/\/yoast.com\/wordpress\/plugins\/seo\/ -->\n<title>Reparaturen und Erg\u00e4nzungen - Christian Schneider - CS Ordinationseinrichtungen<\/title>\n<meta name=\"robots\" content=\"index, follow, max-snippet:-1, max-image-preview:large, max-video-preview:-1\" \/>\n<link rel=\"canonical\" href=\"http:\/\/www.ordinationseinrichtungen.at\/cs2\/reparaturen\/\" \/>\n<meta property=\"og:locale\" content=\"de_DE\" \/>\n<meta property=\"og:type\" content=\"article\" \/>\n<meta property=\"og:title\" content=\"Reparaturen und Erg\u00e4nzungen - Christian Schneider - CS Ordinationseinrichtungen\" \/>\n<meta property=\"og:description\" content=\"[vc_row][vc_column width=&#8220;1\/2&#8243;][vc_column_text] Die Zeit hinterl\u00e4sst Spuren und so kommt es oft vor, dass Ordinationsm\u00f6bel- und Einrichtungen\u00a0 besch\u00e4digt oder abgen\u00fctzt sind. CS ORDINATIONSEINRICHTUNGEN Reparatur, Service und Erg\u00e4nzung s\u00e4mtlicher Ordinationsm\u00f6bel. Durch die immer strenger werdenden\u00a0 HYGIENEBESTIMMUNGEN ist es oft erforderlich Ihre Praxis den Erfordernissen zu adaptieren und\u00a0 anzupassen. AUCH KLEINSTREPARATUREN WERDEN VON UNS PROMT AUSGEF\u00dcHRT! &gt;&gt; zum [&hellip;]\" \/>\n<meta property=\"og:url\" content=\"http:\/\/www.ordinationseinrichtungen.at\/cs2\/reparaturen\/\" \/>\n<meta property=\"og:site_name\" content=\"Christian Schneider - CS Ordinationseinrichtungen\" \/>\n<meta property=\"article:modified_time\" content=\"2016-01-26T11:40:08+00:00\" \/>\n<meta name=\"twitter:card\" content=\"summary_large_image\" \/>\n<meta name=\"twitter:label1\" content=\"Gesch\u00e4tzte Lesezeit\" \/>\n\t<meta name=\"twitter:data1\" content=\"1 Minute\" \/>\n<script type=\"application\/ld+json\" class=\"yoast-schema-graph\">{\"@context\":\"https:\/\/schema.org\",\"@graph\":[{\"@type\":\"WebPage\",\"@id\":\"http:\/\/www.ordinationseinrichtungen.at\/cs2\/reparaturen\/\",\"url\":\"http:\/\/www.ordinationseinrichtungen.at\/cs2\/reparaturen\/\",\"name\":\"Reparaturen und Erg\u00e4nzungen - Christian Schneider - CS Ordinationseinrichtungen\",\"isPartOf\":{\"@id\":\"http:\/\/www.ordinationseinrichtungen.at\/cs2\/#website\"},\"datePublished\":\"2015-02-19T18:28:44+00:00\",\"dateModified\":\"2016-01-26T11:40:08+00:00\",\"breadcrumb\":{\"@id\":\"http:\/\/www.ordinationseinrichtungen.at\/cs2\/reparaturen\/#breadcrumb\"},\"inLanguage\":\"de-DE\",\"potentialAction\":[{\"@type\":\"ReadAction\",\"target\":[\"http:\/\/www.ordinationseinrichtungen.at\/cs2\/reparaturen\/\"]}]},{\"@type\":\"BreadcrumbList\",\"@id\":\"http:\/\/www.ordinationseinrichtungen.at\/cs2\/reparaturen\/#breadcrumb\",\"itemListElement\":[{\"@type\":\"ListItem\",\"position\":1,\"name\":\"Home\",\"item\":\"http:\/\/www.ordinationseinrichtungen.at\/cs2\/\"},{\"@type\":\"ListItem\",\"position\":2,\"name\":\"Reparaturen und Erg\u00e4nzungen\"}]},{\"@type\":\"WebSite\",\"@id\":\"http:\/\/www.ordinationseinrichtungen.at\/cs2\/#website\",\"url\":\"http:\/\/www.ordinationseinrichtungen.at\/cs2\/\",\"name\":\"Christian Schneider - CS Ordinationseinrichtungen\",\"description\":\"\",\"potentialAction\":[{\"@type\":\"SearchAction\",\"target\":{\"@type\":\"EntryPoint\",\"urlTemplate\":\"http:\/\/www.ordinationseinrichtungen.at\/cs2\/?s={search_term_string}\"},\"query-input\":\"required name=search_term_string\"}],\"inLanguage\":\"de-DE\"}]}<\/script>\n<!-- \/ Yoast SEO plugin. -->","yoast_head_json":{"title":"Reparaturen und Erg\u00e4nzungen - Christian Schneider - CS Ordinationseinrichtungen","robots":{"index":"index","follow":"follow","max-snippet":"max-snippet:-1","max-image-preview":"max-image-preview:large","max-video-preview":"max-video-preview:-1"},"canonical":"http:\/\/www.ordinationseinrichtungen.at\/cs2\/reparaturen\/","og_locale":"de_DE","og_type":"article","og_title":"Reparaturen und Erg\u00e4nzungen - Christian Schneider - CS Ordinationseinrichtungen","og_description":"[vc_row][vc_column width=&#8220;1\/2&#8243;][vc_column_text] Die Zeit hinterl\u00e4sst Spuren und so kommt es oft vor, dass Ordinationsm\u00f6bel- und Einrichtungen\u00a0 besch\u00e4digt oder abgen\u00fctzt sind. CS ORDINATIONSEINRICHTUNGEN Reparatur, Service und Erg\u00e4nzung s\u00e4mtlicher Ordinationsm\u00f6bel. Durch die immer strenger werdenden\u00a0 HYGIENEBESTIMMUNGEN ist es oft erforderlich Ihre Praxis den Erfordernissen zu adaptieren und\u00a0 anzupassen. AUCH KLEINSTREPARATUREN WERDEN VON UNS PROMT AUSGEF\u00dcHRT! &gt;&gt; zum [&hellip;]","og_url":"http:\/\/www.ordinationseinrichtungen.at\/cs2\/reparaturen\/","og_site_name":"Christian Schneider - CS Ordinationseinrichtungen","article_modified_time":"2016-01-26T11:40:08+00:00","twitter_card":"summary_large_image","twitter_misc":{"Gesch\u00e4tzte Lesezeit":"1 Minute"},"schema":{"@context":"https:\/\/schema.org","@graph":[{"@type":"WebPage","@id":"http:\/\/www.ordinationseinrichtungen.at\/cs2\/reparaturen\/","url":"http:\/\/www.ordinationseinrichtungen.at\/cs2\/reparaturen\/","name":"Reparaturen und Erg\u00e4nzungen - Christian Schneider - CS Ordinationseinrichtungen","isPartOf":{"@id":"http:\/\/www.ordinationseinrichtungen.at\/cs2\/#website"},"datePublished":"2015-02-19T18:28:44+00:00","dateModified":"2016-01-26T11:40:08+00:00","breadcrumb":{"@id":"http:\/\/www.ordinationseinrichtungen.at\/cs2\/reparaturen\/#breadcrumb"},"inLanguage":"de-DE","potentialAction":[{"@type":"ReadAction","target":["http:\/\/www.ordinationseinrichtungen.at\/cs2\/reparaturen\/"]}]},{"@type":"BreadcrumbList","@id":"http:\/\/www.ordinationseinrichtungen.at\/cs2\/reparaturen\/#breadcrumb","itemListElement":[{"@type":"ListItem","position":1,"name":"Home","item":"http:\/\/www.ordinationseinrichtungen.at\/cs2\/"},{"@type":"ListItem","position":2,"name":"Reparaturen und Erg\u00e4nzungen"}]},{"@type":"WebSite","@id":"http:\/\/www.ordinationseinrichtungen.at\/cs2\/#website","url":"http:\/\/www.ordinationseinrichtungen.at\/cs2\/","name":"Christian Schneider - CS Ordinationseinrichtungen","description":"","potentialAction":[{"@type":"SearchAction","target":{"@type":"EntryPoint","urlTemplate":"http:\/\/www.ordinationseinrichtungen.at\/cs2\/?s={search_term_string}"},"query-input":"required name=search_term_string"}],"inLanguage":"de-DE"}]}},"_links":{"self":[{"href":"http:\/\/www.ordinationseinrichtungen.at\/cs2\/wp-json\/wp\/v2\/pages\/4310"}],"collection":[{"href":"http:\/\/www.ordinationseinrichtungen.at\/cs2\/wp-json\/wp\/v2\/pages"}],"about":[{"href":"http:\/\/www.ordinationseinrichtungen.at\/cs2\/wp-json\/wp\/v2\/types\/page"}],"author":[{"embeddable":true,"href":"http:\/\/www.ordinationseinrichtungen.at\/cs2\/wp-json\/wp\/v2\/users\/1"}],"replies":[{"embeddable":true,"href":"http:\/\/www.ordinationseinrichtungen.at\/cs2\/wp-json\/wp\/v2\/comments?post=4310"}],"version-history":[{"count":7,"href":"http:\/\/www.ordinationseinrichtungen.at\/cs2\/wp-json\/wp\/v2\/pages\/4310\/revisions"}],"predecessor-version":[{"id":4592,"href":"http:\/\/www.ordinationseinrichtungen.at\/cs2\/wp-json\/wp\/v2\/pages\/4310\/revisions\/4592"}],"wp:attachment":[{"href":"http:\/\/www.ordinationseinrichtungen.at\/cs2\/wp-json\/wp\/v2\/media?parent=4310"}],"curies":[{"name":"wp","href":"https:\/\/api.w.org\/{rel}","templated":true}]}}