{"id":4300,"date":"2015-02-19T20:17:22","date_gmt":"2015-02-19T18:17:22","guid":{"rendered":"http:\/\/www.ordinationseinrichtungen.at\/cs2\/?page_id=4300"},"modified":"2016-01-26T13:38:55","modified_gmt":"2016-01-26T11:38:55","slug":"komplettsanierungen","status":"publish","type":"page","link":"http:\/\/www.ordinationseinrichtungen.at\/cs2\/komplettsanierungen\/","title":{"rendered":"Komplettsanierungen"},"content":{"rendered":"[vc_row][vc_column width=&#8220;1\/2&#8243;]<div class=\"shortcode-wrapper shortcode-title clearfix\"><p class=\"hb-text-large \">Komplettsanierungen<\/p><\/div><div class=\"shortcode-wrapper shortcode-spacer clearfix\"><div class=\"spacer\" style=\"height:20px;\"><\/div><\/div>[vc_column_text]Unser Service \u2013 Ihr Nutzen<\/p>\n<p>Wir garantieren Fertigstellungstermine<br \/>\nWir sind <span style=\"color: #dddc00;\">Spezialisten<\/span> f\u00fcr Komplettrenovierungen und Erweiterungen<\/p>\n<p>In\u00a0 Zusammenarbeit mit <span style=\"color: #dddc00;\">qualifizierten Handwerksbetrieben<\/span> renovieren wir Ihre Praxis, B\u00fcro, Gesch\u00e4ft oder Wohnung, komplett nach Ihren W\u00fcnschen und bringen unsere Ideen und Erfahrungen ein.<\/p>\n<p><strong>CS ORDINATIONSEINRICHTUNGEN<\/strong> ist Qualifiziert und besitzt die Berechtigung zur Ausf\u00fchrung\u00a0 von einfachen T\u00e4tigkeiten aus dem Fachgebiet der Elektrotechnik und Wasseranschl\u00fcsse f\u00fcr fach\u00fcbergreifende \u00a0T\u00e4tigkeiten lt. \u00a7 32.2 der GWO.<\/p>\n<p><a href=\"http:\/\/www.ordinationseinrichtungen.at\/cs2\/kontakt\/\">&gt;&gt; zum Kontaktformular<\/a>[\/vc_column_text][\/vc_column][vc_column width=&#8220;1\/2&#8243;][vc_single_image image=&#8220;4464&#8243; img_size=&#8220;full&#8220; alignment=&#8220;center&#8220; style=&#8220;vc_box_shadow&#8220;][vc_single_image image=&#8220;4465&#8243; img_size=&#8220;full&#8220; alignment=&#8220;center&#8220; style=&#8220;vc_box_shadow&#8220;]<div class=\"shortcode-wrapper shortcode-spacer clearfix\"><div class=\"spacer\" style=\"height:20px;\"><\/div><\/div>[\/vc_column][\/vc_row][vc_row][vc_column]<div class=\"fw-section hb-fw-69fea062e3869 without-border light-style\" style=\"margin-top:0px;margin-bottom:0px;padding-top:100px;padding-bottom:100px;\"><div class=\"row fw-content-wrap\"><div class=\"col-12 nbm\">\n<h1 style=\"text-align: center;\"><span style=\"color: #808080;\">&#8222;Der Langsamste, der sein Ziel nicht aus den Augen verliert, geht noch immer geschwinder, als jener, der ohne Ziel umherirrt.&#8220;<\/span><\/h1>\n<\/div><\/div><div class=\"video-overlay\"><\/div><\/div>[\/vc_column][\/vc_row][vc_row][vc_column][vc_text_separator title=&#8220;&#8220;][vc_column_text]\n<p style=\"text-align: center;\">Christian Schneider &#8211; CS Ordinationseinrichtungen\u00a0| Dr. Karl Rennerstr. 7<br \/>\n2203 Gro\u00dfebersdorf |\u00a0Festnetz: +43 (0)1 532 19 23 | Mobil: +43 (0) 676 954 1962 | EMail: <a href=\"mailto:cs@ordinationseinrichtungen.at\">cs@ordinationseinrichtungen.at<\/a><\/p>\n[\/vc_column_text][\/vc_column][\/vc_row]\n","protected":false},"excerpt":{"rendered":"<p>[vc_row][vc_column width=&#8220;1\/2&#8243;][vc_column_text]Unser Service \u2013 Ihr Nutzen Wir garantieren Fertigstellungstermine Wir sind Spezialisten f\u00fcr Komplettrenovierungen und Erweiterungen In\u00a0 Zusammenarbeit mit qualifizierten Handwerksbetrieben renovieren wir Ihre Praxis, B\u00fcro, Gesch\u00e4ft oder Wohnung, komplett nach Ihren W\u00fcnschen und bringen unsere Ideen und Erfahrungen ein. CS ORDINATIONSEINRICHTUNGEN ist Qualifiziert und besitzt die Berechtigung zur Ausf\u00fchrung\u00a0 von einfachen T\u00e4tigkeiten aus dem [&hellip;]<\/p>\n","protected":false},"author":1,"featured_media":0,"parent":0,"menu_order":0,"comment_status":"closed","ping_status":"closed","template":"","meta":{"_links_to":"","_links_to_target":""},"yoast_head":"<!-- This site is optimized with the Yoast SEO plugin v19.6 - https:\/\/yoast.com\/wordpress\/plugins\/seo\/ -->\n<title>Komplettsanierungen - Christian Schneider - CS Ordinationseinrichtungen<\/title>\n<meta name=\"robots\" content=\"index, follow, max-snippet:-1, max-image-preview:large, max-video-preview:-1\" \/>\n<link rel=\"canonical\" href=\"http:\/\/www.ordinationseinrichtungen.at\/cs2\/komplettsanierungen\/\" \/>\n<meta property=\"og:locale\" content=\"de_DE\" \/>\n<meta property=\"og:type\" content=\"article\" \/>\n<meta property=\"og:title\" content=\"Komplettsanierungen - Christian Schneider - CS Ordinationseinrichtungen\" \/>\n<meta property=\"og:description\" content=\"[vc_row][vc_column width=&#8220;1\/2&#8243;][vc_column_text]Unser Service \u2013 Ihr Nutzen Wir garantieren Fertigstellungstermine Wir sind Spezialisten f\u00fcr Komplettrenovierungen und Erweiterungen In\u00a0 Zusammenarbeit mit qualifizierten Handwerksbetrieben renovieren wir Ihre Praxis, B\u00fcro, Gesch\u00e4ft oder Wohnung, komplett nach Ihren W\u00fcnschen und bringen unsere Ideen und Erfahrungen ein. CS ORDINATIONSEINRICHTUNGEN ist Qualifiziert und besitzt die Berechtigung zur Ausf\u00fchrung\u00a0 von einfachen T\u00e4tigkeiten aus dem [&hellip;]\" \/>\n<meta property=\"og:url\" content=\"http:\/\/www.ordinationseinrichtungen.at\/cs2\/komplettsanierungen\/\" \/>\n<meta property=\"og:site_name\" content=\"Christian Schneider - CS Ordinationseinrichtungen\" \/>\n<meta property=\"article:modified_time\" content=\"2016-01-26T11:38:55+00:00\" \/>\n<meta name=\"twitter:card\" content=\"summary_large_image\" \/>\n<meta name=\"twitter:label1\" content=\"Gesch\u00e4tzte Lesezeit\" \/>\n\t<meta name=\"twitter:data1\" content=\"1 Minute\" \/>\n<script type=\"application\/ld+json\" class=\"yoast-schema-graph\">{\"@context\":\"https:\/\/schema.org\",\"@graph\":[{\"@type\":\"WebPage\",\"@id\":\"http:\/\/www.ordinationseinrichtungen.at\/cs2\/komplettsanierungen\/\",\"url\":\"http:\/\/www.ordinationseinrichtungen.at\/cs2\/komplettsanierungen\/\",\"name\":\"Komplettsanierungen - Christian Schneider - CS Ordinationseinrichtungen\",\"isPartOf\":{\"@id\":\"http:\/\/www.ordinationseinrichtungen.at\/cs2\/#website\"},\"datePublished\":\"2015-02-19T18:17:22+00:00\",\"dateModified\":\"2016-01-26T11:38:55+00:00\",\"breadcrumb\":{\"@id\":\"http:\/\/www.ordinationseinrichtungen.at\/cs2\/komplettsanierungen\/#breadcrumb\"},\"inLanguage\":\"de-DE\",\"potentialAction\":[{\"@type\":\"ReadAction\",\"target\":[\"http:\/\/www.ordinationseinrichtungen.at\/cs2\/komplettsanierungen\/\"]}]},{\"@type\":\"BreadcrumbList\",\"@id\":\"http:\/\/www.ordinationseinrichtungen.at\/cs2\/komplettsanierungen\/#breadcrumb\",\"itemListElement\":[{\"@type\":\"ListItem\",\"position\":1,\"name\":\"Home\",\"item\":\"http:\/\/www.ordinationseinrichtungen.at\/cs2\/\"},{\"@type\":\"ListItem\",\"position\":2,\"name\":\"Komplettsanierungen\"}]},{\"@type\":\"WebSite\",\"@id\":\"http:\/\/www.ordinationseinrichtungen.at\/cs2\/#website\",\"url\":\"http:\/\/www.ordinationseinrichtungen.at\/cs2\/\",\"name\":\"Christian Schneider - CS Ordinationseinrichtungen\",\"description\":\"\",\"potentialAction\":[{\"@type\":\"SearchAction\",\"target\":{\"@type\":\"EntryPoint\",\"urlTemplate\":\"http:\/\/www.ordinationseinrichtungen.at\/cs2\/?s={search_term_string}\"},\"query-input\":\"required name=search_term_string\"}],\"inLanguage\":\"de-DE\"}]}<\/script>\n<!-- \/ Yoast SEO plugin. -->","yoast_head_json":{"title":"Komplettsanierungen - Christian Schneider - CS Ordinationseinrichtungen","robots":{"index":"index","follow":"follow","max-snippet":"max-snippet:-1","max-image-preview":"max-image-preview:large","max-video-preview":"max-video-preview:-1"},"canonical":"http:\/\/www.ordinationseinrichtungen.at\/cs2\/komplettsanierungen\/","og_locale":"de_DE","og_type":"article","og_title":"Komplettsanierungen - Christian Schneider - CS Ordinationseinrichtungen","og_description":"[vc_row][vc_column width=&#8220;1\/2&#8243;][vc_column_text]Unser Service \u2013 Ihr Nutzen Wir garantieren Fertigstellungstermine Wir sind Spezialisten f\u00fcr Komplettrenovierungen und Erweiterungen In\u00a0 Zusammenarbeit mit qualifizierten Handwerksbetrieben renovieren wir Ihre Praxis, B\u00fcro, Gesch\u00e4ft oder Wohnung, komplett nach Ihren W\u00fcnschen und bringen unsere Ideen und Erfahrungen ein. CS ORDINATIONSEINRICHTUNGEN ist Qualifiziert und besitzt die Berechtigung zur Ausf\u00fchrung\u00a0 von einfachen T\u00e4tigkeiten aus dem [&hellip;]","og_url":"http:\/\/www.ordinationseinrichtungen.at\/cs2\/komplettsanierungen\/","og_site_name":"Christian Schneider - CS Ordinationseinrichtungen","article_modified_time":"2016-01-26T11:38:55+00:00","twitter_card":"summary_large_image","twitter_misc":{"Gesch\u00e4tzte Lesezeit":"1 Minute"},"schema":{"@context":"https:\/\/schema.org","@graph":[{"@type":"WebPage","@id":"http:\/\/www.ordinationseinrichtungen.at\/cs2\/komplettsanierungen\/","url":"http:\/\/www.ordinationseinrichtungen.at\/cs2\/komplettsanierungen\/","name":"Komplettsanierungen - Christian Schneider - CS Ordinationseinrichtungen","isPartOf":{"@id":"http:\/\/www.ordinationseinrichtungen.at\/cs2\/#website"},"datePublished":"2015-02-19T18:17:22+00:00","dateModified":"2016-01-26T11:38:55+00:00","breadcrumb":{"@id":"http:\/\/www.ordinationseinrichtungen.at\/cs2\/komplettsanierungen\/#breadcrumb"},"inLanguage":"de-DE","potentialAction":[{"@type":"ReadAction","target":["http:\/\/www.ordinationseinrichtungen.at\/cs2\/komplettsanierungen\/"]}]},{"@type":"BreadcrumbList","@id":"http:\/\/www.ordinationseinrichtungen.at\/cs2\/komplettsanierungen\/#breadcrumb","itemListElement":[{"@type":"ListItem","position":1,"name":"Home","item":"http:\/\/www.ordinationseinrichtungen.at\/cs2\/"},{"@type":"ListItem","position":2,"name":"Komplettsanierungen"}]},{"@type":"WebSite","@id":"http:\/\/www.ordinationseinrichtungen.at\/cs2\/#website","url":"http:\/\/www.ordinationseinrichtungen.at\/cs2\/","name":"Christian Schneider - CS Ordinationseinrichtungen","description":"","potentialAction":[{"@type":"SearchAction","target":{"@type":"EntryPoint","urlTemplate":"http:\/\/www.ordinationseinrichtungen.at\/cs2\/?s={search_term_string}"},"query-input":"required name=search_term_string"}],"inLanguage":"de-DE"}]}},"_links":{"self":[{"href":"http:\/\/www.ordinationseinrichtungen.at\/cs2\/wp-json\/wp\/v2\/pages\/4300"}],"collection":[{"href":"http:\/\/www.ordinationseinrichtungen.at\/cs2\/wp-json\/wp\/v2\/pages"}],"about":[{"href":"http:\/\/www.ordinationseinrichtungen.at\/cs2\/wp-json\/wp\/v2\/types\/page"}],"author":[{"embeddable":true,"href":"http:\/\/www.ordinationseinrichtungen.at\/cs2\/wp-json\/wp\/v2\/users\/1"}],"replies":[{"embeddable":true,"href":"http:\/\/www.ordinationseinrichtungen.at\/cs2\/wp-json\/wp\/v2\/comments?post=4300"}],"version-history":[{"count":6,"href":"http:\/\/www.ordinationseinrichtungen.at\/cs2\/wp-json\/wp\/v2\/pages\/4300\/revisions"}],"predecessor-version":[{"id":4591,"href":"http:\/\/www.ordinationseinrichtungen.at\/cs2\/wp-json\/wp\/v2\/pages\/4300\/revisions\/4591"}],"wp:attachment":[{"href":"http:\/\/www.ordinationseinrichtungen.at\/cs2\/wp-json\/wp\/v2\/media?parent=4300"}],"curies":[{"name":"wp","href":"https:\/\/api.w.org\/{rel}","templated":true}]}}