{"id":190,"date":"2014-04-01T06:05:03","date_gmt":"2014-04-01T04:05:03","guid":{"rendered":"http:\/\/hb-themes.com\/themes\/highend_wp\/?page_id=190"},"modified":"2019-11-15T16:06:40","modified_gmt":"2019-11-15T14:06:40","slug":"kontakt","status":"publish","type":"page","link":"http:\/\/www.ordinationseinrichtungen.at\/cs2\/kontakt\/","title":{"rendered":"Kontakt"},"content":{"rendered":"[vc_row][vc_column]<div class=\"fw-section without-border\" style=\"margin-top: -51px;\"><div class=\"shortcode-wrapper shortcode-map-embed clearfix\"><div class=\"map-wrapper shadow\"><div class=\"hb-gmap-map\" data-api-key=\"AIzaSyCjVnN-YIFMMJBEM5FGeFdaijRzwEY5A1U\" data-show-location=\"0\" data-map-level=\"16\" data-map-lat=\"48.354688\" data-map-lng=\"16.464910\" data-map-img=\"http:\/\/www.ordinationseinrichtungen.at\/cs2\/wp-content\/uploads\/2014\/04\/star1.png\" data-overlay-color=\"none\" style=\"height:415px;\"><\/div><\/div><\/div><\/div><div class=\"shortcode-wrapper shortcode-spacer clearfix\"><div class=\"spacer\"><\/div><\/div>[\/vc_column][\/vc_row][vc_row][vc_column width=&#8220;1\/4&#8243;][vc_column_text]\n<h6>Anschrift:<\/h6>\n<p>Christian Schneider<br \/>\nCS Ordinationseinrichtungen<br \/>\nDr. Karl Rennerstr. 7<br \/>\n2203 Gro\u00dfebersdorf<\/p>\n<h6>Telefon:<\/h6>\n<p>Festnetz: +43 (0)1 532 19 23<br \/>\nMobil: +43 (0) 676 954 1962<\/p>\n<h6>Email:<\/h6>\n<p>EMail: <a href=\"mailto:cs@ordinationseinrichtungen.at\">cs@ordinationseinrichtungen.at<\/a>[\/vc_column_text][\/vc_column][vc_column width=&#8220;3\/4&#8243;]<div class=\"shortcode-wrapper shortcode-title clearfix\"><h1 class=\"\">Bitte nehmen Sie Kontakt mit uns auf&#8230;.<\/h1><\/div>[vc_column_text]<div class=\"shortcode-wrapper shortcode-spacer clearfix\"><div class=\"spacer\" style=\"height:10px;\"><\/div><\/div>\n<p>Wir werden uns umgehend um ihre Anliegen bem\u00fchen.<\/p>\n<p>Mit freundlichen Gr\u00fc\u00dfen<br \/>\nChristian Schneider<br \/>\nCS Ordinationseinrichtungen<\/p>\n<p><a href=\"https:\/\/www.facebook.com\/Holzmanufaktur.co.at\/\" target=\"_blank\" rel=\"noopener noreferrer\"><img loading=\"lazy\" class=\"alignnone size-full wp-image-4579\" src=\"http:\/\/www.holzmanufaktur.co.at\/cs1\/wp-content\/uploads\/2019\/02\/fb_schneider.png\" alt=\"\" width=\"50\" height=\"50\" \/><\/a>\u00a0<a href=\"https:\/\/www.instagram.com\/holzmanufaktur_cs\/\" target=\"_blank\" rel=\"noopener noreferrer\"><img loading=\"lazy\" class=\"alignnone size-full wp-image-4581\" src=\"http:\/\/www.holzmanufaktur.co.at\/cs1\/wp-content\/uploads\/2019\/02\/insta_schneider.jpg\" alt=\"\" width=\"50\" height=\"50\" \/><\/a><\/p>\n[\/vc_column_text][\/vc_column][\/vc_row]\n","protected":false},"excerpt":{"rendered":"<p>[vc_row][vc_column][\/vc_column][\/vc_row][vc_row][vc_column width=&#8220;1\/4&#8243;][vc_column_text] Anschrift: Christian Schneider CS Ordinationseinrichtungen Dr. Karl Rennerstr. 7 2203 Gro\u00dfebersdorf Telefon: Festnetz: +43 (0)1 532 19 23 Mobil: +43 (0) 676 954 1962 Email: EMail: cs@ordinationseinrichtungen.at[\/vc_column_text][\/vc_column][vc_column width=&#8220;3\/4&#8243;][vc_column_text] Wir werden uns umgehend um ihre Anliegen bem\u00fchen. Mit freundlichen Gr\u00fc\u00dfen Christian Schneider CS Ordinationseinrichtungen \u00a0 [\/vc_column_text][\/vc_column][\/vc_row]<\/p>\n","protected":false},"author":1,"featured_media":0,"parent":0,"menu_order":0,"comment_status":"closed","ping_status":"closed","template":"","meta":{"_links_to":"","_links_to_target":""},"yoast_head":"<!-- This site is optimized with the Yoast SEO plugin v19.6 - https:\/\/yoast.com\/wordpress\/plugins\/seo\/ -->\n<title>Kontakt - Christian Schneider - CS Ordinationseinrichtungen<\/title>\n<meta name=\"robots\" content=\"index, follow, max-snippet:-1, max-image-preview:large, max-video-preview:-1\" \/>\n<link rel=\"canonical\" href=\"http:\/\/www.ordinationseinrichtungen.at\/cs2\/kontakt\/\" \/>\n<meta property=\"og:locale\" content=\"de_DE\" \/>\n<meta property=\"og:type\" content=\"article\" \/>\n<meta property=\"og:title\" content=\"Kontakt - Christian Schneider - CS Ordinationseinrichtungen\" \/>\n<meta property=\"og:description\" content=\"[vc_row][vc_column][\/vc_column][\/vc_row][vc_row][vc_column width=&#8220;1\/4&#8243;][vc_column_text] Anschrift: Christian Schneider CS Ordinationseinrichtungen Dr. Karl Rennerstr. 7 2203 Gro\u00dfebersdorf Telefon: Festnetz: +43 (0)1 532 19 23 Mobil: +43 (0) 676 954 1962 Email: EMail: cs@ordinationseinrichtungen.at[\/vc_column_text][\/vc_column][vc_column width=&#8220;3\/4&#8243;][vc_column_text] Wir werden uns umgehend um ihre Anliegen bem\u00fchen. Mit freundlichen Gr\u00fc\u00dfen Christian Schneider CS Ordinationseinrichtungen \u00a0 [\/vc_column_text][\/vc_column][\/vc_row]\" \/>\n<meta property=\"og:url\" content=\"http:\/\/www.ordinationseinrichtungen.at\/cs2\/kontakt\/\" \/>\n<meta property=\"og:site_name\" content=\"Christian Schneider - CS Ordinationseinrichtungen\" \/>\n<meta property=\"article:modified_time\" content=\"2019-11-15T14:06:40+00:00\" \/>\n<meta property=\"og:image\" content=\"http:\/\/www.holzmanufaktur.co.at\/cs1\/wp-content\/uploads\/2019\/02\/fb_schneider.png\" \/>\n<meta name=\"twitter:card\" content=\"summary_large_image\" \/>\n<script type=\"application\/ld+json\" class=\"yoast-schema-graph\">{\"@context\":\"https:\/\/schema.org\",\"@graph\":[{\"@type\":\"WebPage\",\"@id\":\"http:\/\/www.ordinationseinrichtungen.at\/cs2\/kontakt\/\",\"url\":\"http:\/\/www.ordinationseinrichtungen.at\/cs2\/kontakt\/\",\"name\":\"Kontakt - Christian Schneider - CS Ordinationseinrichtungen\",\"isPartOf\":{\"@id\":\"http:\/\/www.ordinationseinrichtungen.at\/cs2\/#website\"},\"datePublished\":\"2014-04-01T04:05:03+00:00\",\"dateModified\":\"2019-11-15T14:06:40+00:00\",\"breadcrumb\":{\"@id\":\"http:\/\/www.ordinationseinrichtungen.at\/cs2\/kontakt\/#breadcrumb\"},\"inLanguage\":\"de-DE\",\"potentialAction\":[{\"@type\":\"ReadAction\",\"target\":[\"http:\/\/www.ordinationseinrichtungen.at\/cs2\/kontakt\/\"]}]},{\"@type\":\"BreadcrumbList\",\"@id\":\"http:\/\/www.ordinationseinrichtungen.at\/cs2\/kontakt\/#breadcrumb\",\"itemListElement\":[{\"@type\":\"ListItem\",\"position\":1,\"name\":\"Home\",\"item\":\"http:\/\/www.ordinationseinrichtungen.at\/cs2\/\"},{\"@type\":\"ListItem\",\"position\":2,\"name\":\"Kontakt\"}]},{\"@type\":\"WebSite\",\"@id\":\"http:\/\/www.ordinationseinrichtungen.at\/cs2\/#website\",\"url\":\"http:\/\/www.ordinationseinrichtungen.at\/cs2\/\",\"name\":\"Christian Schneider - CS Ordinationseinrichtungen\",\"description\":\"\",\"potentialAction\":[{\"@type\":\"SearchAction\",\"target\":{\"@type\":\"EntryPoint\",\"urlTemplate\":\"http:\/\/www.ordinationseinrichtungen.at\/cs2\/?s={search_term_string}\"},\"query-input\":\"required name=search_term_string\"}],\"inLanguage\":\"de-DE\"}]}<\/script>\n<!-- \/ Yoast SEO plugin. -->","yoast_head_json":{"title":"Kontakt - Christian Schneider - CS Ordinationseinrichtungen","robots":{"index":"index","follow":"follow","max-snippet":"max-snippet:-1","max-image-preview":"max-image-preview:large","max-video-preview":"max-video-preview:-1"},"canonical":"http:\/\/www.ordinationseinrichtungen.at\/cs2\/kontakt\/","og_locale":"de_DE","og_type":"article","og_title":"Kontakt - Christian Schneider - CS Ordinationseinrichtungen","og_description":"[vc_row][vc_column][\/vc_column][\/vc_row][vc_row][vc_column width=&#8220;1\/4&#8243;][vc_column_text] Anschrift: Christian Schneider CS Ordinationseinrichtungen Dr. Karl Rennerstr. 7 2203 Gro\u00dfebersdorf Telefon: Festnetz: +43 (0)1 532 19 23 Mobil: +43 (0) 676 954 1962 Email: EMail: cs@ordinationseinrichtungen.at[\/vc_column_text][\/vc_column][vc_column width=&#8220;3\/4&#8243;][vc_column_text] Wir werden uns umgehend um ihre Anliegen bem\u00fchen. Mit freundlichen Gr\u00fc\u00dfen Christian Schneider CS Ordinationseinrichtungen \u00a0 [\/vc_column_text][\/vc_column][\/vc_row]","og_url":"http:\/\/www.ordinationseinrichtungen.at\/cs2\/kontakt\/","og_site_name":"Christian Schneider - CS Ordinationseinrichtungen","article_modified_time":"2019-11-15T14:06:40+00:00","og_image":[{"url":"http:\/\/www.holzmanufaktur.co.at\/cs1\/wp-content\/uploads\/2019\/02\/fb_schneider.png"}],"twitter_card":"summary_large_image","schema":{"@context":"https:\/\/schema.org","@graph":[{"@type":"WebPage","@id":"http:\/\/www.ordinationseinrichtungen.at\/cs2\/kontakt\/","url":"http:\/\/www.ordinationseinrichtungen.at\/cs2\/kontakt\/","name":"Kontakt - Christian Schneider - CS Ordinationseinrichtungen","isPartOf":{"@id":"http:\/\/www.ordinationseinrichtungen.at\/cs2\/#website"},"datePublished":"2014-04-01T04:05:03+00:00","dateModified":"2019-11-15T14:06:40+00:00","breadcrumb":{"@id":"http:\/\/www.ordinationseinrichtungen.at\/cs2\/kontakt\/#breadcrumb"},"inLanguage":"de-DE","potentialAction":[{"@type":"ReadAction","target":["http:\/\/www.ordinationseinrichtungen.at\/cs2\/kontakt\/"]}]},{"@type":"BreadcrumbList","@id":"http:\/\/www.ordinationseinrichtungen.at\/cs2\/kontakt\/#breadcrumb","itemListElement":[{"@type":"ListItem","position":1,"name":"Home","item":"http:\/\/www.ordinationseinrichtungen.at\/cs2\/"},{"@type":"ListItem","position":2,"name":"Kontakt"}]},{"@type":"WebSite","@id":"http:\/\/www.ordinationseinrichtungen.at\/cs2\/#website","url":"http:\/\/www.ordinationseinrichtungen.at\/cs2\/","name":"Christian Schneider - CS Ordinationseinrichtungen","description":"","potentialAction":[{"@type":"SearchAction","target":{"@type":"EntryPoint","urlTemplate":"http:\/\/www.ordinationseinrichtungen.at\/cs2\/?s={search_term_string}"},"query-input":"required name=search_term_string"}],"inLanguage":"de-DE"}]}},"_links":{"self":[{"href":"http:\/\/www.ordinationseinrichtungen.at\/cs2\/wp-json\/wp\/v2\/pages\/190"}],"collection":[{"href":"http:\/\/www.ordinationseinrichtungen.at\/cs2\/wp-json\/wp\/v2\/pages"}],"about":[{"href":"http:\/\/www.ordinationseinrichtungen.at\/cs2\/wp-json\/wp\/v2\/types\/page"}],"author":[{"embeddable":true,"href":"http:\/\/www.ordinationseinrichtungen.at\/cs2\/wp-json\/wp\/v2\/users\/1"}],"replies":[{"embeddable":true,"href":"http:\/\/www.ordinationseinrichtungen.at\/cs2\/wp-json\/wp\/v2\/comments?post=190"}],"version-history":[{"count":18,"href":"http:\/\/www.ordinationseinrichtungen.at\/cs2\/wp-json\/wp\/v2\/pages\/190\/revisions"}],"predecessor-version":[{"id":4830,"href":"http:\/\/www.ordinationseinrichtungen.at\/cs2\/wp-json\/wp\/v2\/pages\/190\/revisions\/4830"}],"wp:attachment":[{"href":"http:\/\/www.ordinationseinrichtungen.at\/cs2\/wp-json\/wp\/v2\/media?parent=190"}],"curies":[{"name":"wp","href":"https:\/\/api.w.org\/{rel}","templated":true}]}}